{"id":3722,"date":"2021-04-23T15:52:32","date_gmt":"2021-04-23T15:52:32","guid":{"rendered":"https:\/\/wp.up.pt\/fadeupinformatica\/?page_id=3722"},"modified":"2022-08-17T12:56:37","modified_gmt":"2022-08-17T12:56:37","slug":"office-365-instalar","status":"publish","type":"page","link":"https:\/\/wp.up.pt\/fadeupinformatica\/office-365-instalar\/","title":{"rendered":"Office 365 &#8211; Instalar"},"content":{"rendered":"<p><a href=\"https:\/\/sigarra.up.pt\/fadeup\/pt\/gaapps_geral.servicos_detail?pv_codigo_servico=2\" target=\"_blank\" rel=\"noopener noreferrer\"><img loading=\"lazy\" decoding=\"async\" class=\"aligncenter\" src=\"https:\/\/sigarra.up.pt\/fadeup\/pt\/gessi_web.imagem?p_id=GAAPPS_Banner_MS\" alt=\"\" width=\"400\" height=\"132\" border=\"0\" \/><\/a><\/p>\n<p>&nbsp;<\/p>\n<p>Nesta p\u00e1gina poder\u00e1 encontrar instru\u00e7\u00f5es para poder <span style=\"text-decoration: underline;\"><a href=\"#Office-Uninstall\">desinstalar<\/a><\/span> a vers\u00e3o atual do Microsoft Office, bem como instru\u00e7\u00f5es para poder <span style=\"text-decoration: underline;\"><a href=\"#Office-Install\">instalar<\/a><\/span>\u00a0e <span style=\"text-decoration: underline;\"><a href=\"#Office-Ativar\">ativar<\/a><\/span>\u00a0a vers\u00e3o do Microsoft Office 365 @UP.<\/p>\n<p>&nbsp;<\/p>\n<p><span style=\"text-decoration: underline;\"><strong>IMPORTANTE:<\/strong><\/span> <strong>Antes de instalar o Microsoft Office 365 @UP, sugerimos que caso tenha alguma vers\u00e3o do Microsoft Office instalada, que a desinstale<\/strong>. Para o efeito, poder\u00e1 executar as seguintes aplica\u00e7\u00f5es, de acordo com o seu Sistema Operativo:<\/p>\n<p>&nbsp;<\/p>\n<div class=\"rt-block\">\n<div id=\"rt-mainbody\">\n<div class=\"component-content\">\n<div class=\"rt-article\">\n<div class=\"rt-article-bg\">\n<div class=\"item-page\">\n<table border=\"0\">\n<tbody>\n<tr>\n<td valign=\"middle\">\n<p style=\"text-align: center;\"><strong>Microsoft Windows<\/strong><\/p>\n<p>&nbsp;<\/p>\n<p><img loading=\"lazy\" decoding=\"async\" class=\"size-full wp-image-678 aligncenter\" src=\"http:\/\/wp.up.pt\/fadeupinformatica\/wp-content\/uploads\/sites\/60\/2017\/02\/msft.png\" alt=\"\" width=\"160\" height=\"34\" \/><\/p>\n<p>&nbsp;<\/p>\n<p id=\"Office-Uninstall\">Poder\u00e1 <span style=\"text-decoration: underline;\">descarregar o desinstalador<\/span>\u00a0aqui: <strong><img loading=\"lazy\" decoding=\"async\" class=\"alignnone wp-image-745 size-full\" src=\"http:\/\/wp.up.pt\/fadeupinformatica\/wp-content\/uploads\/sites\/60\/2017\/04\/download.png\" alt=\"\" width=\"25\" height=\"24\" \/><a href=\"https:\/\/aka.ms\/SaRA-officeUninstallFromPC\" target=\"_blank\" rel=\"noopener noreferrer\">Download<\/a><\/strong><\/p>\n<p>&nbsp;<\/p>\n<p style=\"text-align: center;\">Mais informa\u00e7\u00f5es aqui: <a href=\"https:\/\/support.office.com\/pt-pt\/article\/desinstalar-o-office-de-um-pc-9dd49b83-264a-477a-8fcc-2fdf5dbf61d8?ui=pt-PT&amp;rs=pt-PT&amp;ad=PT\" target=\"_blank\" rel=\"noopener noreferrer\">&#8220;Desinstalar o Office de um PC&#8221;<\/a><\/p>\n<\/td>\n<td>\n<p style=\"text-align: center;\"><strong>Mac OS X \/ iOS<\/strong><\/p>\n<p><strong><img loading=\"lazy\" decoding=\"async\" class=\"alignnone size-full wp-image-685 aligncenter\" src=\"http:\/\/wp.up.pt\/fadeupinformatica\/wp-content\/uploads\/sites\/60\/2017\/02\/apple_small-1.jpg\" alt=\"\" width=\"82\" height=\"82\" \/><\/strong><strong><br \/>\n<\/strong><\/p>\n<p style=\"text-align: center;\">Recomendamos o APPCleaner: <strong><img loading=\"lazy\" decoding=\"async\" class=\"alignnone wp-image-745 size-full\" src=\"http:\/\/wp.up.pt\/fadeupinformatica\/wp-content\/uploads\/sites\/60\/2017\/04\/download.png\" alt=\"\" width=\"25\" height=\"24\" \/><a href=\"https:\/\/freemacsoft.net\/appcleaner\" target=\"_blank\" rel=\"noopener noreferrer\">Download<\/a><\/strong><\/p>\n<\/td>\n<\/tr>\n<\/tbody>\n<\/table>\n<\/div>\n<\/div>\n<\/div>\n<\/div>\n<p>&nbsp;<\/p>\n<\/div>\n<\/div>\n<p><strong>Para auxiliar no processo de desinstala\u00e7\u00e3o da vers\u00e3o do Microsoft Office<\/strong> que possa estar instalada,<strong> poder\u00e1 <\/strong><strong>visualizar os seguintes v\u00eddeos<\/strong>, consoante o seu sistema operativo:<\/p>\n<p>&nbsp;<\/p>\n<p style=\"text-align: center;\"><img loading=\"lazy\" decoding=\"async\" class=\"alignnone size-full wp-image-751\" src=\"http:\/\/wp.up.pt\/fadeupinformatica\/wp-content\/uploads\/sites\/60\/2017\/04\/msft2.png\" alt=\"\" width=\"34\" height=\"34\" \/><\/p>\n<p style=\"text-align: center;\">\u00a0 <strong>Microsoft <\/strong><strong>Windows:<\/strong><\/p>\n<p>&nbsp;<\/p>\n<p><strong>Antes de avan\u00e7ar<\/strong> com o processo de desinstala\u00e7\u00e3o, <strong>dever\u00e1 fechar todos os programas<\/strong> que estejam a ser executados.<\/p>\n<p>&nbsp;<\/p>\n<p>Nota: Caso tenha configurado o <strong>Outlook<\/strong>, recomendamos que fa\u00e7a Backup dos respetivos ficheiros (*.PST ou *.OST), e\/ou configura\u00e7\u00f5es. Poder\u00e1 consultar mais informa\u00e7\u00f5es sobre este procedimento, nesta <a href=\"https:\/\/support.microsoft.com\/en-us\/office\/introduction-to-outlook-data-files-pst-and-ost-222eaf92-a995-45d9-bde2-f331f60e2790\" target=\"_blank\" rel=\"noopener\">p\u00e1gina Web da Microsoft<\/a>.<\/p>\n<p>&nbsp;<\/p>\n<div style=\"width: 1200px;\" class=\"wp-video\"><video class=\"wp-video-shortcode\" id=\"video-3722-1\" width=\"1200\" height=\"675\" preload=\"metadata\" controls=\"controls\"><source type=\"video\/mp4\" src=\"https:\/\/wp.up.pt\/fadeupinformatica\/wp-content\/uploads\/sites\/60\/2021\/05\/Office_WIN-Desinstalar.mp4?_=1\" \/><a href=\"https:\/\/wp.up.pt\/fadeupinformatica\/wp-content\/uploads\/sites\/60\/2021\/05\/Office_WIN-Desinstalar.mp4\">https:\/\/wp.up.pt\/fadeupinformatica\/wp-content\/uploads\/sites\/60\/2021\/05\/Office_WIN-Desinstalar.mp4<\/a><\/video><\/div>\n<p>&nbsp;<\/p>\n<hr \/>\n<p style=\"text-align: center;\">\u00a0<img loading=\"lazy\" decoding=\"async\" class=\"alignnone wp-image-685\" src=\"http:\/\/wp.up.pt\/fadeupinformatica\/wp-content\/uploads\/sites\/60\/2017\/02\/apple_small-1.jpg\" alt=\"\" width=\"47\" height=\"47\" \/>\u00a0 <strong>Mac<\/strong><strong> OS X 10.5 ou superior:<\/strong><\/p>\n<p>&nbsp;<\/p>\n<p><strong>Antes de avan\u00e7ar<\/strong> com o processo de desinstala\u00e7\u00e3o, <strong>dever\u00e1 fechar todos os programas<\/strong> que estejam a ser executados.<\/p>\n<p>&nbsp;<\/p>\n<p>Nota: Caso tenha configurado o <strong>Outlook<\/strong>, recomendamos que fa\u00e7a Backup dos respetivos ficheiros (*.OLM), e\/ou configura\u00e7\u00f5es. Poder\u00e1 consultar mais informa\u00e7\u00f5es sobre este procedimento, nesta <a href=\"https:\/\/support.microsoft.com\/en-us\/office\/export-items-to-an-archive-file-in-outlook-for-mac-281a62bf-cc42-46b1-9ad5-6bda80ca3106\" target=\"_blank\" rel=\"noopener\">p\u00e1gina Web da Microsoft<\/a>.<\/p>\n<p>&nbsp;<\/p>\n<div style=\"width: 1200px;\" class=\"wp-video\"><video class=\"wp-video-shortcode\" id=\"video-3722-2\" width=\"1200\" height=\"675\" preload=\"metadata\" controls=\"controls\"><source type=\"video\/mp4\" src=\"https:\/\/wp.up.pt\/fadeupinformatica\/wp-content\/uploads\/sites\/60\/2021\/05\/Office_MAC-Desinstalar.mp4?_=2\" \/><a href=\"https:\/\/wp.up.pt\/fadeupinformatica\/wp-content\/uploads\/sites\/60\/2021\/05\/Office_MAC-Desinstalar.mp4\">https:\/\/wp.up.pt\/fadeupinformatica\/wp-content\/uploads\/sites\/60\/2021\/05\/Office_MAC-Desinstalar.mp4<\/a><\/video><\/div>\n<p>&nbsp;<\/p>\n<hr \/>\n<p id=\"Office-Install\">Poder\u00e1 instalar o software a partir de casa ou de outro local com acesso \u00e0 Internet, n\u00e3o sendo necess\u00e1rio deslocar-se ao Helpdesk da FADEUP para o efeito.<\/p>\n<p>&nbsp;<\/p>\n<p><strong>Para poder transferir (<em>Download<\/em>) este programa<\/strong> ser\u00e1 necess\u00e1rio utilizar as suas credenciais de acesso ao <a href=\"http:\/\/www.fade.up.pt\" target=\"_blank\" rel=\"noopener\">SIGARRA da FADEUP<\/a>. <strong>Caso necessite de recuperar as suas credenciais de acesso ao SIGARRA<\/strong>, poder\u00e1 consultar esta <a href=\"https:\/\/wp.up.pt\/fadeupinformatica\/sigarra-renovar-senha\/\">p\u00e1gina<\/a>. Para poder realizar o <em>Download<\/em> do instalador do Microsoft Office 365, dever\u00e1 aceder \u00e0 <a href=\"http:\/\/portal.office.com\" target=\"_blank\" rel=\"noopener\">p\u00e1gina Web da Microsoft<\/a> (portal.office.com). Poder\u00e1 encontrar mais informa\u00e7\u00f5es sobre o referido processo de autentica\u00e7\u00e3o nesta <a href=\"https:\/\/wp.up.pt\/fadeupinformatica\/office-365-aceder\/\" rel=\"noopener\">p\u00e1gina<\/a>.<\/p>\n<p>Ap\u00f3s ter feito <em>Download<\/em> do ficheiro instalador do Microsoft Office 365, <strong>para auxiliar no processo de instala\u00e7\u00e3o, poder\u00e1 <\/strong><strong>visualizar os seguintes v\u00eddeos<\/strong>, consoante o seu sistema operativo:<\/p>\n<p>&nbsp;<\/p>\n<p style=\"text-align: center;\"><img loading=\"lazy\" decoding=\"async\" class=\"alignnone size-full wp-image-751\" src=\"http:\/\/wp.up.pt\/fadeupinformatica\/wp-content\/uploads\/sites\/60\/2017\/04\/msft2.png\" alt=\"\" width=\"34\" height=\"34\" \/><\/p>\n<p style=\"text-align: center;\">\u00a0 <strong>Microsoft <\/strong><strong>Windows:<\/strong><\/p>\n<p>&nbsp;<\/p>\n<div style=\"width: 1200px;\" class=\"wp-video\"><video class=\"wp-video-shortcode\" id=\"video-3722-3\" width=\"1200\" height=\"675\" preload=\"metadata\" controls=\"controls\"><source type=\"video\/mp4\" src=\"https:\/\/wp.up.pt\/fadeupinformatica\/wp-content\/uploads\/sites\/60\/2021\/05\/Office_WIN-Instalar.mp4?_=3\" \/><a href=\"https:\/\/wp.up.pt\/fadeupinformatica\/wp-content\/uploads\/sites\/60\/2021\/05\/Office_WIN-Instalar.mp4\">https:\/\/wp.up.pt\/fadeupinformatica\/wp-content\/uploads\/sites\/60\/2021\/05\/Office_WIN-Instalar.mp4<\/a><\/video><\/div>\n<p>&nbsp;<\/p>\n<p id=\"Office-Ativar\">Nota: Para <strong>ativar o Microsoft Office 365 @UP<\/strong>, dever\u00e1 utilizar o seu <em>Login<\/em> de acordo com o seu v\u00ednculo com a UP, ou seja, dever\u00e1 preencher o <strong><em>Login<\/em> no formato upxxxxxxxx@up.pt<\/strong> e clicar em \u201cSeguinte\u201d. De seguida, dever\u00e1 introduzir a sua <em>Password<\/em> de acesso ao SIGARRA, a p\u00e1gina Web da Microsoft ser\u00e1 automaticamente reencaminhada para o processo de Autentica\u00e7\u00e3o Federada da UP. Na nova janela, dever\u00e1 preencher o campo \u201cUtilizador\u201d com o seu <strong><em>Login<\/em> no formato upxxxxxxxx@fade.up.pt<\/strong> e dever\u00e1 preencher o campo \u201cPalavra-passe\u201d com a sua <em>Password<\/em> de acesso ao SIGARRA da FADEUP.<\/p>\n<p>&nbsp;<\/p>\n<hr \/>\n<p style=\"text-align: center;\">\u00a0<img loading=\"lazy\" decoding=\"async\" class=\"alignnone wp-image-685\" src=\"http:\/\/wp.up.pt\/fadeupinformatica\/wp-content\/uploads\/sites\/60\/2017\/02\/apple_small-1.jpg\" alt=\"\" width=\"47\" height=\"47\" \/>\u00a0 <strong>Mac<\/strong><strong> OS X 10.5 ou superior:<\/strong><\/p>\n<p>&nbsp;<\/p>\n<div style=\"width: 1200px;\" class=\"wp-video\"><video class=\"wp-video-shortcode\" id=\"video-3722-4\" width=\"1200\" height=\"675\" preload=\"metadata\" controls=\"controls\"><source type=\"video\/mp4\" src=\"https:\/\/wp.up.pt\/fadeupinformatica\/wp-content\/uploads\/sites\/60\/2021\/05\/Office_MAC-Instalar.mp4?_=4\" \/><a href=\"https:\/\/wp.up.pt\/fadeupinformatica\/wp-content\/uploads\/sites\/60\/2021\/05\/Office_MAC-Instalar.mp4\">https:\/\/wp.up.pt\/fadeupinformatica\/wp-content\/uploads\/sites\/60\/2021\/05\/Office_MAC-Instalar.mp4<\/a><\/video><\/div>\n<p>&nbsp;<\/p>\n<p>Nota: Para <strong>ativar o Microsoft Office 365 @UP<\/strong>, dever\u00e1 utilizar o seu <em>Login<\/em> de acordo com o seu v\u00ednculo com a UP, ou seja, dever\u00e1 preencher o <strong><em>Login<\/em> no formato upxxxxxxxx@up.pt<\/strong> e clicar em \u201cSeguinte\u201d. De seguida, dever\u00e1 introduzir a sua <em>Password<\/em> de acesso ao SIGARRA, a p\u00e1gina Web da Microsoft ser\u00e1 automaticamente reencaminhada para o processo de Autentica\u00e7\u00e3o Federada da UP. Na nova janela, dever\u00e1 preencher o campo \u201cUtilizador\u201d com o seu <strong><em>Login<\/em> no formato upxxxxxxxx@fade.up.pt<\/strong> e dever\u00e1 preencher o campo \u201cPalavra-passe\u201d com a sua <em>Password<\/em> de acesso ao SIGARRA da FADEUP.<\/p>\n<p>&nbsp;<\/p>\n","protected":false},"excerpt":{"rendered":"<p>&nbsp; Nesta p\u00e1gina poder\u00e1 encontrar instru\u00e7\u00f5es para poder desinstalar a vers\u00e3o atual do Microsoft Office, bem como instru\u00e7\u00f5es para poder instalar\u00a0e ativar\u00a0a vers\u00e3o do Microsoft Office 365 @UP. &nbsp; IMPORTANTE: Antes de instalar o Microsoft Office 365 @UP, sugerimos que caso tenha alguma vers\u00e3o do Microsoft Office instalada, que a desinstale. Para o efeito, poder\u00e1 &#8230; <a title=\"Office 365 &#8211; Instalar\" class=\"read-more\" href=\"https:\/\/wp.up.pt\/fadeupinformatica\/office-365-instalar\/\" aria-label=\"Leia mais sobre Office 365 &#8211; Instalar\">Ler mais<\/a><\/p>\n","protected":false},"author":345,"featured_media":0,"parent":0,"menu_order":0,"comment_status":"closed","ping_status":"closed","template":"","meta":{"footnotes":""},"class_list":["post-3722","page","type-page","status-publish"],"_links":{"self":[{"href":"https:\/\/wp.up.pt\/fadeupinformatica\/wp-json\/wp\/v2\/pages\/3722","targetHints":{"allow":["GET"]}}],"collection":[{"href":"https:\/\/wp.up.pt\/fadeupinformatica\/wp-json\/wp\/v2\/pages"}],"about":[{"href":"https:\/\/wp.up.pt\/fadeupinformatica\/wp-json\/wp\/v2\/types\/page"}],"author":[{"embeddable":true,"href":"https:\/\/wp.up.pt\/fadeupinformatica\/wp-json\/wp\/v2\/users\/345"}],"replies":[{"embeddable":true,"href":"https:\/\/wp.up.pt\/fadeupinformatica\/wp-json\/wp\/v2\/comments?post=3722"}],"version-history":[{"count":15,"href":"https:\/\/wp.up.pt\/fadeupinformatica\/wp-json\/wp\/v2\/pages\/3722\/revisions"}],"predecessor-version":[{"id":4251,"href":"https:\/\/wp.up.pt\/fadeupinformatica\/wp-json\/wp\/v2\/pages\/3722\/revisions\/4251"}],"wp:attachment":[{"href":"https:\/\/wp.up.pt\/fadeupinformatica\/wp-json\/wp\/v2\/media?parent=3722"}],"curies":[{"name":"wp","href":"https:\/\/api.w.org\/{rel}","templated":true}]}}