{"id":3705,"date":"2021-04-23T15:47:38","date_gmt":"2021-04-23T15:47:38","guid":{"rendered":"https:\/\/wp.up.pt\/fadeupinformatica\/?page_id=3705"},"modified":"2022-08-17T12:57:01","modified_gmt":"2022-08-17T12:57:01","slug":"office-365-aceder","status":"publish","type":"page","link":"https:\/\/wp.up.pt\/fadeupinformatica\/office-365-aceder\/","title":{"rendered":"Office 365 &#8211; Aceder"},"content":{"rendered":"<p>&nbsp;<\/p>\n<p><a href=\"https:\/\/sigarra.up.pt\/fadeup\/pt\/gaapps_geral.servicos_detail?pv_codigo_servico=2\" target=\"_blank\" rel=\"noopener noreferrer\"><img loading=\"lazy\" decoding=\"async\" class=\"aligncenter\" src=\"https:\/\/sigarra.up.pt\/fadeup\/pt\/gessi_web.imagem?p_id=GAAPPS_Banner_MS\" alt=\"\" width=\"400\" height=\"132\" border=\"0\" \/><\/a><\/p>\n<p>&nbsp;<\/p>\n<p style=\"text-align: left;\"><strong>Para poder aceder ao Microsoft Office 365 @UP<\/strong>, ser\u00e1 necess\u00e1rio utilizar as suas credenciais de acesso ao <a href=\"http:\/\/www.fade.up.pt\" target=\"_blank\" rel=\"noopener\">SIGARRA da FADEUP<\/a>. <strong>Caso necessite de recuperar as suas credenciais de acesso ao SIGARRA<\/strong>, poder\u00e1 consultar esta <a href=\"https:\/\/wp.up.pt\/fadeupinformatica\/sigarra-renovar-senha\/\">p\u00e1gina<\/a>. Caso contr\u00e1rio, dever\u00e1:<\/p>\n<p>&nbsp;<\/p>\n<ol>\n<li style=\"text-align: left;\">\u00a0Aceder a seguinte <a href=\"http:\/\/portal.office.com\" target=\"_blank\" rel=\"noopener noreferrer\"><strong>p\u00e1gina Web da Microsoft<\/strong><\/a> (portal.office.com)<\/li>\n<li>\u00a0Na p\u00e1gina Web da Microsoft, dever\u00e1 preencher o <strong><em>Login<\/em> no formato upxxxxxxxx@up.pt<\/strong> e clicar em \u201cSeguinte\u201d<\/li>\n<li>\u00a0<strong>N<\/strong>a nova p\u00e1gina dever\u00e1 introduzir a sua <em>Password<\/em> de acesso ao SIGARRA <strong>e <\/strong>ser\u00e1 automaticamente reencaminhada para o processo de Autentica\u00e7\u00e3o Federada da UP (<a href=\"https:\/\/sigarra.up.pt\/up\/pt\/web_base.gera_pagina?P_pagina=1001915\" target=\"_blank\" rel=\"noopener noreferrer\">AAI<\/a>). Na nova janela, dever\u00e1 preencher o campo \u201cUtilizador\u201d com o seu <strong><em>Login<\/em> no formato upxxxxxxxx@fade.up.pt<\/strong> e dever\u00e1 preencher o campo \u201cPalavra-passe\u201d com a sua <em>Password<\/em> de acesso ao SIGARRA da FADEUP<\/li>\n<\/ol>\n<p>&nbsp;<\/p>\n","protected":false},"excerpt":{"rendered":"<p>&nbsp; &nbsp; Para poder aceder ao Microsoft Office 365 @UP, ser\u00e1 necess\u00e1rio utilizar as suas credenciais de acesso ao SIGARRA da FADEUP. Caso necessite de recuperar as suas credenciais de acesso ao SIGARRA, poder\u00e1 consultar esta p\u00e1gina. Caso contr\u00e1rio, dever\u00e1: &nbsp; \u00a0Aceder a seguinte p\u00e1gina Web da Microsoft (portal.office.com) \u00a0Na p\u00e1gina Web da Microsoft, dever\u00e1 &#8230; <a title=\"Office 365 &#8211; Aceder\" class=\"read-more\" href=\"https:\/\/wp.up.pt\/fadeupinformatica\/office-365-aceder\/\" aria-label=\"Leia mais sobre Office 365 &#8211; Aceder\">Ler mais<\/a><\/p>\n","protected":false},"author":345,"featured_media":0,"parent":0,"menu_order":0,"comment_status":"closed","ping_status":"closed","template":"","meta":{"footnotes":""},"class_list":["post-3705","page","type-page","status-publish"],"_links":{"self":[{"href":"https:\/\/wp.up.pt\/fadeupinformatica\/wp-json\/wp\/v2\/pages\/3705","targetHints":{"allow":["GET"]}}],"collection":[{"href":"https:\/\/wp.up.pt\/fadeupinformatica\/wp-json\/wp\/v2\/pages"}],"about":[{"href":"https:\/\/wp.up.pt\/fadeupinformatica\/wp-json\/wp\/v2\/types\/page"}],"author":[{"embeddable":true,"href":"https:\/\/wp.up.pt\/fadeupinformatica\/wp-json\/wp\/v2\/users\/345"}],"replies":[{"embeddable":true,"href":"https:\/\/wp.up.pt\/fadeupinformatica\/wp-json\/wp\/v2\/comments?post=3705"}],"version-history":[{"count":9,"href":"https:\/\/wp.up.pt\/fadeupinformatica\/wp-json\/wp\/v2\/pages\/3705\/revisions"}],"predecessor-version":[{"id":4252,"href":"https:\/\/wp.up.pt\/fadeupinformatica\/wp-json\/wp\/v2\/pages\/3705\/revisions\/4252"}],"wp:attachment":[{"href":"https:\/\/wp.up.pt\/fadeupinformatica\/wp-json\/wp\/v2\/media?parent=3705"}],"curies":[{"name":"wp","href":"https:\/\/api.w.org\/{rel}","templated":true}]}}