{"id":3207,"date":"2021-03-12T14:06:43","date_gmt":"2021-03-12T14:06:43","guid":{"rendered":"https:\/\/wp.up.pt\/fadeupinformatica\/?page_id=3207"},"modified":"2021-09-20T14:15:30","modified_gmt":"2021-09-20T14:15:30","slug":"endnote","status":"publish","type":"page","link":"https:\/\/wp.up.pt\/fadeupinformatica\/endnote\/","title":{"rendered":"Endnote"},"content":{"rendered":"<p><a href=\"https:\/\/endnote.com\" target=\"_blank\" rel=\"noopener noreferrer\"><img loading=\"lazy\" decoding=\"async\" class=\"alignnone wp-image-951 aligncenter\" src=\"http:\/\/wp.up.pt\/fadeupinformatica\/wp-content\/uploads\/sites\/60\/2018\/06\/Logo_Endnote.jpg\" alt=\"\" width=\"80\" height=\"80\" srcset=\"https:\/\/wp.up.pt\/fadeupinformatica\/wp-content\/uploads\/sites\/60\/2018\/06\/Logo_Endnote.jpg 246w, https:\/\/wp.up.pt\/fadeupinformatica\/wp-content\/uploads\/sites\/60\/2018\/06\/Logo_Endnote-150x150.jpg 150w\" sizes=\"auto, (max-width: 80px) 100vw, 80px\" \/><\/a><\/p>\n<p>&nbsp;<\/p>\n<p style=\"text-align: center;\">Programa gerenciador de Bibliografias, dispon\u00edvel\u00a0para <strong>Windows e Mac OS.<\/strong> Mais informa\u00e7\u00f5es <a href=\"https:\/\/endnote.com\" target=\"_blank\" rel=\"noopener noreferrer\">aqui<\/a>.<\/p>\n<p>&nbsp;<\/p>\n<p><strong>NOTA Importante:<\/strong> Este programa tem uma liga\u00e7\u00e3o com o Microsoft Word. Por esse motivo, o mesmo <strong>dever\u00e1 ser instalado ap\u00f3s a instala\u00e7\u00e3o do Microsoft Office<\/strong>.<\/p>\n<hr \/>\n<p><strong>Para adicionar o cat\u00e1logo e os estilos FADEUP<\/strong> (apenas dispon\u00edvel para computadores com sistema operativo Microsoft Windows), deve fazer o download do seguinte ficheiro: <a href=\"https:\/\/wp.up.pt\/fadeupinformatica\/wp-content\/uploads\/sites\/60\/2021\/09\/ConfiguracoesEndnote.zip\" target=\"_blank\" rel=\"noopener\">Arquivo ZIP<\/a> e descompactar o mesmo. De seguida, poder\u00e1 visualizar o seguinte v\u00eddeo para proceder com a configura\u00e7\u00e3o pretendida:<\/p>\n<div style=\"width: 1200px;\" class=\"wp-video\"><video class=\"wp-video-shortcode\" id=\"video-3207-1\" width=\"1200\" height=\"675\" preload=\"metadata\" controls=\"controls\"><source type=\"video\/mp4\" src=\"http:\/\/wp.up.pt\/fadeupinformatica\/wp-content\/uploads\/sites\/60\/2021\/01\/Guia-Endnote_Estilo-FADEUP5.mp4?_=1\" \/><a href=\"http:\/\/wp.up.pt\/fadeupinformatica\/wp-content\/uploads\/sites\/60\/2021\/01\/Guia-Endnote_Estilo-FADEUP5.mp4\">http:\/\/wp.up.pt\/fadeupinformatica\/wp-content\/uploads\/sites\/60\/2021\/01\/Guia-Endnote_Estilo-FADEUP5.mp4<\/a><\/video><\/div>\n<p>&nbsp;<\/p>\n<p>Qualquer quest\u00e3o relacionada com este perfil, poder\u00e1 esclarecer junto da <strong><a href=\"https:\/\/biblioteca.fade.up.pt\" target=\"_blank\" rel=\"noopener noreferrer\">Biblioteca<\/a> <\/strong>da FADEUP.<\/p>\n<p>&nbsp;<\/p>\n<hr \/>\n<p>Tamb\u00e9m poder\u00e1 encontrar guias sobre o Endnote, na <a href=\"https:\/\/biblioteca.fade.up.pt\/pesquisa\/tutoriais\" target=\"_blank\" rel=\"noopener\">p\u00e1gina Web da Biblioteca da FADEUP<\/a>.<\/p>\n<p>&nbsp;<\/p>\n","protected":false},"excerpt":{"rendered":"<p>&nbsp; Programa gerenciador de Bibliografias, dispon\u00edvel\u00a0para Windows e Mac OS. Mais informa\u00e7\u00f5es aqui. &nbsp; NOTA Importante: Este programa tem uma liga\u00e7\u00e3o com o Microsoft Word. Por esse motivo, o mesmo dever\u00e1 ser instalado ap\u00f3s a instala\u00e7\u00e3o do Microsoft Office. Para adicionar o cat\u00e1logo e os estilos FADEUP (apenas dispon\u00edvel para computadores com sistema operativo Microsoft &#8230; <a title=\"Endnote\" class=\"read-more\" href=\"https:\/\/wp.up.pt\/fadeupinformatica\/endnote\/\" aria-label=\"Leia mais sobre Endnote\">Ler mais<\/a><\/p>\n","protected":false},"author":345,"featured_media":0,"parent":0,"menu_order":0,"comment_status":"closed","ping_status":"closed","template":"","meta":{"footnotes":""},"class_list":["post-3207","page","type-page","status-publish"],"_links":{"self":[{"href":"https:\/\/wp.up.pt\/fadeupinformatica\/wp-json\/wp\/v2\/pages\/3207","targetHints":{"allow":["GET"]}}],"collection":[{"href":"https:\/\/wp.up.pt\/fadeupinformatica\/wp-json\/wp\/v2\/pages"}],"about":[{"href":"https:\/\/wp.up.pt\/fadeupinformatica\/wp-json\/wp\/v2\/types\/page"}],"author":[{"embeddable":true,"href":"https:\/\/wp.up.pt\/fadeupinformatica\/wp-json\/wp\/v2\/users\/345"}],"replies":[{"embeddable":true,"href":"https:\/\/wp.up.pt\/fadeupinformatica\/wp-json\/wp\/v2\/comments?post=3207"}],"version-history":[{"count":12,"href":"https:\/\/wp.up.pt\/fadeupinformatica\/wp-json\/wp\/v2\/pages\/3207\/revisions"}],"predecessor-version":[{"id":4122,"href":"https:\/\/wp.up.pt\/fadeupinformatica\/wp-json\/wp\/v2\/pages\/3207\/revisions\/4122"}],"wp:attachment":[{"href":"https:\/\/wp.up.pt\/fadeupinformatica\/wp-json\/wp\/v2\/media?parent=3207"}],"curies":[{"name":"wp","href":"https:\/\/api.w.org\/{rel}","templated":true}]}}