{"id":3070,"date":"2021-01-29T10:30:03","date_gmt":"2021-01-29T10:30:03","guid":{"rendered":"https:\/\/wp.up.pt\/fadeupinformatica\/?page_id=3070"},"modified":"2024-09-19T11:00:32","modified_gmt":"2024-09-19T11:00:32","slug":"spss-instalar","status":"publish","type":"page","link":"https:\/\/wp.up.pt\/fadeupinformatica\/ibm-spss\/spss-instalar\/","title":{"rendered":"SPSS &#8211; Instalar"},"content":{"rendered":"<p>&nbsp;<\/p>\n<p><a href=\"https:\/\/www.ibm.com\/analytics\/spss-statistics-software\" target=\"_blank\" rel=\"noopener noreferrer\"><img loading=\"lazy\" decoding=\"async\" class=\"aligncenter wp-image-750\" src=\"http:\/\/wp.up.pt\/fadeupinformatica\/wp-content\/uploads\/sites\/60\/2017\/04\/iconSPSS.png\" alt=\"\" width=\"126\" height=\"71\" \/><\/a><\/p>\n<p>&nbsp;<\/p>\n<p>Poder\u00e1 instalar este <em>Software<\/em> a partir de casa ou de outro local com acesso \u00e0 Internet, n\u00e3o sendo necess\u00e1rio deslocar-se ao Helpdesk da FADEUP para o efeito.<\/p>\n<p>&nbsp;<\/p>\n<p><strong>Para poder transferir (<em>Download<\/em>) este programa<\/strong>\u00a0ser\u00e1 necess\u00e1rio <strong>autentica\u00e7\u00e3o federada<\/strong> (<a href=\"https:\/\/sigarra.up.pt\/up\/pt\/web_base.gera_pagina?P_pagina=1001915\" target=\"_blank\" rel=\"noopener noreferrer\">AAI<\/a>). <strong>Importante: N\u00e3o avance<\/strong>\u00a0com o <em>Download<\/em> se estiver a usar uma rede ou um computador p\u00fablico, como em <em>cybercaf\u00e9s<\/em>.<\/p>\n<p>&nbsp;<\/p>\n<table style=\"height: 487px;\" width=\"1335\">\n<tbody>\n<tr>\n<td width=\"581\"><img loading=\"lazy\" decoding=\"async\" class=\"wp-image-922 aligncenter\" src=\"http:\/\/wp.up.pt\/fadeupinformatica\/wp-content\/uploads\/sites\/60\/2018\/06\/Logo_AAI-300x215.jpg\" alt=\"\" width=\"675\" height=\"484\" srcset=\"https:\/\/wp.up.pt\/fadeupinformatica\/wp-content\/uploads\/sites\/60\/2018\/06\/Logo_AAI-300x215.jpg 300w, https:\/\/wp.up.pt\/fadeupinformatica\/wp-content\/uploads\/sites\/60\/2018\/06\/Logo_AAI.jpg 767w\" sizes=\"auto, (max-width: 675px) 100vw, 675px\" \/><\/td>\n<td width=\"168\"><strong>Nota importante de seguran\u00e7a:<\/strong> A autentica\u00e7\u00e3o federada n\u00e3o permite que se &#8220;desligue&#8221; (logout) dos sistemas da forma habitual.<\/p>\n<p>Para garantir que termina a sess\u00e3o autenticada, em qualquer servi\u00e7o federado, ter\u00e1 de fechar o browser. Assim, n\u00e3o deve utilizar a autentica\u00e7\u00e3o federada em ambientes p\u00fablicos onde o encerramento do browser est\u00e1 inibido, nomeadamente em quiosques Web.<\/p>\n<p>O Login dever\u00e1 ter o seguinte formato:<\/p>\n<p><strong>Utilizador:<\/strong> <em>login do SIGARRA seguido de @fade.up.pt<\/em><em>\u00a0(ex.: 12345678@fade.up.pt);<\/em><\/p>\n<p><strong>Palavra-passe (Senha):<\/strong>\u00a0<em>a mesma\u00a0Palavra-passe (Senha) de acesso ao SIGARRA da FADEUP;<\/em><\/td>\n<\/tr>\n<\/tbody>\n<\/table>\n<p>&nbsp;<\/p>\n<p><strong>Caso necessite de recuperar as suas credenciais de acesso ao SIGARRA<\/strong>, poder\u00e1 consultar esta <a href=\"https:\/\/wp.up.pt\/fadeupinformatica\/sigarra-renovar-senha\/\">p\u00e1gina<\/a>.<\/p>\n<p>&nbsp;<\/p>\n<hr \/>\n<div class=\"rt-block\">\n<div id=\"rt-mainbody\">\n<div class=\"component-content\">\n<div class=\"rt-article\">\n<div class=\"rt-article-bg\">\n<div class=\"item-page\">\n<p style=\"text-align: left;\">\n<\/div>\n<\/div>\n<\/div>\n<\/div>\n<\/div>\n<\/div>\n<div class=\"rt-block\">\n<div id=\"rt-mainbody\">\n<div class=\"component-content\">\n<div class=\"rt-article\">\n<div class=\"rt-article-bg\">\n<div class=\"item-page\">\n<table border=\"0\">\n<tbody>\n<tr>\n<td valign=\"middle\">\n<p style=\"text-align: center;\"><strong>Microsoft Windows<\/strong><\/p>\n<p>&nbsp;<\/p>\n<p><img loading=\"lazy\" decoding=\"async\" class=\"size-full wp-image-678 aligncenter\" src=\"http:\/\/wp.up.pt\/fadeupinformatica\/wp-content\/uploads\/sites\/60\/2017\/02\/msft.png\" alt=\"\" width=\"160\" height=\"34\" \/><\/p>\n<p>&nbsp;<\/p>\n<p style=\"text-align: center;\">Poder\u00e1 <span style=\"text-decoration: underline;\">descarregar o seu instalador<\/span>\u00a0aqui: <strong><img loading=\"lazy\" decoding=\"async\" class=\"alignnone wp-image-745 size-full\" src=\"http:\/\/wp.up.pt\/fadeupinformatica\/wp-content\/uploads\/sites\/60\/2017\/04\/download.png\" alt=\"\" width=\"25\" height=\"24\" \/><a href=\"https:\/\/atlas.up.pt\/Software\/UPORTO\/SPSS\/IBM_SPSS_Statistics_29\/Fixes\/Versao_29.0.2\/\" target=\"_blank\" rel=\"noopener noreferrer\">Download<\/a><\/strong><\/p>\n<\/td>\n<td>\n<p style=\"text-align: center;\"><strong>Mac OS X<br \/>\n<\/strong><\/p>\n<p><strong><img loading=\"lazy\" decoding=\"async\" class=\"alignnone size-full wp-image-685 aligncenter\" src=\"http:\/\/wp.up.pt\/fadeupinformatica\/wp-content\/uploads\/sites\/60\/2017\/02\/apple_small-1.jpg\" alt=\"\" width=\"82\" height=\"82\" \/><\/strong><strong><br \/>\n<\/strong><\/p>\n<p style=\"text-align: center;\">Poder\u00e1 <span style=\"text-decoration: underline;\">descarregar o seu instalador<\/span> aqui: <strong><img loading=\"lazy\" decoding=\"async\" class=\"alignnone wp-image-745 size-full\" src=\"http:\/\/wp.up.pt\/fadeupinformatica\/wp-content\/uploads\/sites\/60\/2017\/04\/download.png\" alt=\"\" width=\"25\" height=\"24\" \/><a href=\"https:\/\/atlas.up.pt\/Software\/UPORTO\/SPSS\/IBM_SPSS_Statistics_29\/Fixes\/Versao_29.0.2\/\" target=\"_blank\" rel=\"noopener noreferrer\">Download<\/a><\/strong><\/p>\n<\/td>\n<\/tr>\n<\/tbody>\n<\/table>\n<p>&nbsp;<\/p>\n<\/div>\n<\/div>\n<\/div>\n<\/div>\n<\/div>\n<\/div>\n<p>&nbsp;<\/p>\n<p><strong>Para auxiliar no processo de instala\u00e7\u00e3o (IBM SPSS Statistics), poder\u00e1 <\/strong><strong>visualizar os seguintes v\u00eddeos<\/strong>, consoante o seu sistema operativo:<\/p>\n<p>&nbsp;<\/p>\n<p style=\"text-align: center;\"><img loading=\"lazy\" decoding=\"async\" class=\"alignnone size-full wp-image-751\" src=\"http:\/\/wp.up.pt\/fadeupinformatica\/wp-content\/uploads\/sites\/60\/2017\/04\/msft2.png\" alt=\"\" width=\"34\" height=\"34\" \/><\/p>\n<p style=\"text-align: center;\">\u00a0 <strong>Microsoft <\/strong><strong>Windows:<\/strong><\/p>\n<p>&nbsp;<\/p>\n<p><strong>Antes de avan\u00e7ar<\/strong> com o processo de instala\u00e7\u00e3o, <strong>dever\u00e1 fechar todos os programas<\/strong> que estejam a ser executados.<\/p>\n<p>&nbsp;<\/p>\n<div style=\"width: 1200px;\" class=\"wp-video\"><video class=\"wp-video-shortcode\" id=\"video-3070-1\" width=\"1200\" height=\"675\" preload=\"metadata\" controls=\"controls\"><source type=\"video\/mp4\" src=\"https:\/\/wp.up.pt\/fadeupinformatica\/wp-content\/uploads\/sites\/60\/2021\/03\/SPSS27_WIN-Install.mp4?_=1\" \/><a href=\"https:\/\/wp.up.pt\/fadeupinformatica\/wp-content\/uploads\/sites\/60\/2021\/03\/SPSS27_WIN-Install.mp4\">https:\/\/wp.up.pt\/fadeupinformatica\/wp-content\/uploads\/sites\/60\/2021\/03\/SPSS27_WIN-Install.mp4<\/a><\/video><\/div>\n<p>&nbsp;<\/p>\n<p><strong>O processo final de instala\u00e7\u00e3o ir\u00e1 abrir, automaticamente, uma nova janela onde deve introduzir a <a href=\"https:\/\/atlas.up.pt\/Software\/UPORTO\/SPSS\/CdKeys.txt\" target=\"_blank\" rel=\"noopener noreferrer\">licen\u00e7a<\/a><img loading=\"lazy\" decoding=\"async\" class=\"alignnone size-full wp-image-745\" src=\"http:\/\/wp.up.pt\/fadeupinformatica\/wp-content\/uploads\/sites\/60\/2017\/04\/download.png\" alt=\"\" width=\"25\" height=\"24\" \/>.<\/strong><\/p>\n<p>&nbsp;<\/p>\n<hr \/>\n<p style=\"text-align: center;\">\u00a0<img loading=\"lazy\" decoding=\"async\" class=\"alignnone wp-image-685\" src=\"http:\/\/wp.up.pt\/fadeupinformatica\/wp-content\/uploads\/sites\/60\/2017\/02\/apple_small-1.jpg\" alt=\"\" width=\"47\" height=\"47\" \/>\u00a0 <strong>Mac<\/strong><strong> OS X 10.5 ou superior:<\/strong><\/p>\n<p>&nbsp;<\/p>\n<p><strong>Antes de avan\u00e7ar<\/strong> com o processo de instala\u00e7\u00e3o, <strong>dever\u00e1 fechar todos os programas<\/strong> que estejam a ser executados.<\/p>\n<p><span style=\"color: #ff0000;\">Nota:<\/span> existe uma incompatibilidade entre o novo sistema operativo dispon\u00edvel para os equipamentos Apple (macOS 14.0 &#8211; Sonoma) e a instala\u00e7\u00e3o do SPSS 29.0 ou anteriores. Alertamos, que caso fa\u00e7am o update do SO, o SPSS deixar\u00e1 de funcionar, estando prevista a resolu\u00e7\u00e3o da situa\u00e7\u00e3o no m\u00eas de Dezembro como referido pela IBM.<\/p>\n<p>&nbsp;<\/p>\n<div style=\"width: 1200px;\" class=\"wp-video\"><video class=\"wp-video-shortcode\" id=\"video-3070-2\" width=\"1200\" height=\"675\" preload=\"metadata\" controls=\"controls\"><source type=\"video\/mp4\" src=\"https:\/\/wp.up.pt\/fadeupinformatica\/wp-content\/uploads\/sites\/60\/2021\/03\/SPSS27_MAC-Install.mp4?_=2\" \/><a href=\"https:\/\/wp.up.pt\/fadeupinformatica\/wp-content\/uploads\/sites\/60\/2021\/03\/SPSS27_MAC-Install.mp4\">https:\/\/wp.up.pt\/fadeupinformatica\/wp-content\/uploads\/sites\/60\/2021\/03\/SPSS27_MAC-Install.mp4<\/a><\/video><\/div>\n<p>&nbsp;<\/p>\n<p><strong>O processo final de instala\u00e7\u00e3o ir\u00e1 abrir, automaticamente, uma nova janela onde deve introduzir a <a href=\"https:\/\/atlas.up.pt\/Software\/UPORTO\/SPSS\/CdKeys.txt\" target=\"_blank\" rel=\"noopener noreferrer\">licen\u00e7a<\/a><img loading=\"lazy\" decoding=\"async\" class=\"alignnone size-full wp-image-745\" src=\"http:\/\/wp.up.pt\/fadeupinformatica\/wp-content\/uploads\/sites\/60\/2017\/04\/download.png\" alt=\"\" width=\"25\" height=\"24\" \/>.<\/strong><\/p>\n<p>&nbsp;<\/p>\n","protected":false},"excerpt":{"rendered":"<p>&nbsp; &nbsp; Poder\u00e1 instalar este Software a partir de casa ou de outro local com acesso \u00e0 Internet, n\u00e3o sendo necess\u00e1rio deslocar-se ao Helpdesk da FADEUP para o efeito. &nbsp; Para poder transferir (Download) este programa\u00a0ser\u00e1 necess\u00e1rio autentica\u00e7\u00e3o federada (AAI). Importante: N\u00e3o avance\u00a0com o Download se estiver a usar uma rede ou um computador p\u00fablico, &#8230; <a title=\"SPSS &#8211; Instalar\" class=\"read-more\" href=\"https:\/\/wp.up.pt\/fadeupinformatica\/ibm-spss\/spss-instalar\/\" aria-label=\"Leia mais sobre SPSS &#8211; Instalar\">Ler mais<\/a><\/p>\n","protected":false},"author":345,"featured_media":0,"parent":3082,"menu_order":0,"comment_status":"closed","ping_status":"closed","template":"","meta":{"footnotes":""},"class_list":["post-3070","page","type-page","status-publish"],"_links":{"self":[{"href":"https:\/\/wp.up.pt\/fadeupinformatica\/wp-json\/wp\/v2\/pages\/3070","targetHints":{"allow":["GET"]}}],"collection":[{"href":"https:\/\/wp.up.pt\/fadeupinformatica\/wp-json\/wp\/v2\/pages"}],"about":[{"href":"https:\/\/wp.up.pt\/fadeupinformatica\/wp-json\/wp\/v2\/types\/page"}],"author":[{"embeddable":true,"href":"https:\/\/wp.up.pt\/fadeupinformatica\/wp-json\/wp\/v2\/users\/345"}],"replies":[{"embeddable":true,"href":"https:\/\/wp.up.pt\/fadeupinformatica\/wp-json\/wp\/v2\/comments?post=3070"}],"version-history":[{"count":19,"href":"https:\/\/wp.up.pt\/fadeupinformatica\/wp-json\/wp\/v2\/pages\/3070\/revisions"}],"predecessor-version":[{"id":4289,"href":"https:\/\/wp.up.pt\/fadeupinformatica\/wp-json\/wp\/v2\/pages\/3070\/revisions\/4289"}],"up":[{"embeddable":true,"href":"https:\/\/wp.up.pt\/fadeupinformatica\/wp-json\/wp\/v2\/pages\/3082"}],"wp:attachment":[{"href":"https:\/\/wp.up.pt\/fadeupinformatica\/wp-json\/wp\/v2\/media?parent=3070"}],"curies":[{"name":"wp","href":"https:\/\/api.w.org\/{rel}","templated":true}]}}