{"id":2414,"date":"2020-01-07T15:31:48","date_gmt":"2020-01-07T15:31:48","guid":{"rendered":"http:\/\/wp.up.pt\/fadeupinformatica\/?page_id=2414"},"modified":"2021-05-12T10:27:39","modified_gmt":"2021-05-12T10:27:39","slug":"nvivo","status":"publish","type":"page","link":"https:\/\/wp.up.pt\/fadeupinformatica\/nvivo\/","title":{"rendered":"NVivo"},"content":{"rendered":"<p style=\"text-align: center;\"><a href=\"http:\/\/www.qsrinternational.com\/nvivo-portuguese\" target=\"_blank\" rel=\"noopener noreferrer\"><img loading=\"lazy\" decoding=\"async\" class=\"alignnone wp-image-2421\" src=\"http:\/\/wp.up.pt\/fadeupinformatica\/wp-content\/uploads\/sites\/60\/2020\/01\/NVivo-logo.png\" alt=\"\" width=\"152\" height=\"85\" srcset=\"https:\/\/wp.up.pt\/fadeupinformatica\/wp-content\/uploads\/sites\/60\/2020\/01\/NVivo-logo.png 324w, https:\/\/wp.up.pt\/fadeupinformatica\/wp-content\/uploads\/sites\/60\/2020\/01\/NVivo-logo-300x169.png 300w\" sizes=\"auto, (max-width: 152px) 100vw, 152px\" \/><\/a><\/p>\n<p>&nbsp;<\/p>\n<p style=\"text-align: center;\">Programa de an\u00e1lise qualitativa de Dados. Mais informa\u00e7\u00f5es <a href=\"http:\/\/www.qsrinternational.com\/nvivo-portuguese\" target=\"_blank\" rel=\"noopener noreferrer\">aqui<\/a>.<\/p>\n<p>&nbsp;<\/p>\n<p>O Software NVivo <strong>n\u00e3o est\u00e1 dispon\u00edvel para instala\u00e7\u00e3o em computadores que n\u00e3o perten\u00e7am ao parque inform\u00e1tico da FADEUP<\/strong>. Contudo, o mesmo est\u00e1 <span style=\"text-decoration: underline;\">dispon\u00edvel, em alguns computadores na FADEUP<\/span> (identificados com o Log\u00f3tipo do programa, no monitor), <span style=\"text-decoration: underline;\">de livre acesso consoante a disponibilidade da(s) sala(s)<\/span>.<\/p>\n<p>&nbsp;<\/p>\n<p>&nbsp;<\/p>\n","protected":false},"excerpt":{"rendered":"<p>&nbsp; Programa de an\u00e1lise qualitativa de Dados. Mais informa\u00e7\u00f5es aqui. &nbsp; O Software NVivo n\u00e3o est\u00e1 dispon\u00edvel para instala\u00e7\u00e3o em computadores que n\u00e3o perten\u00e7am ao parque inform\u00e1tico da FADEUP. Contudo, o mesmo est\u00e1 dispon\u00edvel, em alguns computadores na FADEUP (identificados com o Log\u00f3tipo do programa, no monitor), de livre acesso consoante a disponibilidade da(s) sala(s). &#8230; <a title=\"NVivo\" class=\"read-more\" href=\"https:\/\/wp.up.pt\/fadeupinformatica\/nvivo\/\" aria-label=\"Leia mais sobre NVivo\">Ler mais<\/a><\/p>\n","protected":false},"author":291,"featured_media":0,"parent":0,"menu_order":0,"comment_status":"closed","ping_status":"closed","template":"","meta":{"footnotes":""},"class_list":["post-2414","page","type-page","status-publish"],"_links":{"self":[{"href":"https:\/\/wp.up.pt\/fadeupinformatica\/wp-json\/wp\/v2\/pages\/2414","targetHints":{"allow":["GET"]}}],"collection":[{"href":"https:\/\/wp.up.pt\/fadeupinformatica\/wp-json\/wp\/v2\/pages"}],"about":[{"href":"https:\/\/wp.up.pt\/fadeupinformatica\/wp-json\/wp\/v2\/types\/page"}],"author":[{"embeddable":true,"href":"https:\/\/wp.up.pt\/fadeupinformatica\/wp-json\/wp\/v2\/users\/291"}],"replies":[{"embeddable":true,"href":"https:\/\/wp.up.pt\/fadeupinformatica\/wp-json\/wp\/v2\/comments?post=2414"}],"version-history":[{"count":12,"href":"https:\/\/wp.up.pt\/fadeupinformatica\/wp-json\/wp\/v2\/pages\/2414\/revisions"}],"predecessor-version":[{"id":4062,"href":"https:\/\/wp.up.pt\/fadeupinformatica\/wp-json\/wp\/v2\/pages\/2414\/revisions\/4062"}],"wp:attachment":[{"href":"https:\/\/wp.up.pt\/fadeupinformatica\/wp-json\/wp\/v2\/media?parent=2414"}],"curies":[{"name":"wp","href":"https:\/\/api.w.org\/{rel}","templated":true}]}}