{"id":226,"date":"2017-02-09T12:51:23","date_gmt":"2017-02-09T12:51:23","guid":{"rendered":"http:\/\/wp.up.pt\/fadeupinformatica\/?page_id=226"},"modified":"2021-08-13T09:55:57","modified_gmt":"2021-08-13T09:55:57","slug":"office-365","status":"publish","type":"page","link":"https:\/\/wp.up.pt\/fadeupinformatica\/office-365\/","title":{"rendered":"Microsoft Office 365 na U.Porto"},"content":{"rendered":"<div><\/div>\n<div><a href=\"https:\/\/sigarra.up.pt\/fadeup\/pt\/gaapps_geral.servicos_detail?pv_codigo_servico=2\" target=\"_blank\" rel=\"noopener noreferrer\"><img loading=\"lazy\" decoding=\"async\" class=\"aligncenter\" src=\"https:\/\/sigarra.up.pt\/fadeup\/pt\/gessi_web.imagem?p_id=GAAPPS_Banner_MS\" alt=\"\" width=\"400\" height=\"132\" border=\"0\" \/><\/a><\/div>\n<div>\n<p>&nbsp;<\/p>\n<p>H\u00e1 uma parceria entre a Universidade do Porto (UP) e a Microsoft, que permite a <strong>subscri\u00e7\u00e3o gratuita do servi\u00e7o Microsoft Office 365, desde que haja um v\u00ednculo com a UP<\/strong> (validado pelo registo no SIGARRA), sendo o acesso a esta plataforma feito atrav\u00e9s do processo de Autentica\u00e7\u00e3o Federada da UP (<a href=\"https:\/\/sigarra.up.pt\/up\/pt\/web_base.gera_pagina?P_pagina=1001915\" target=\"_blank\" rel=\"noopener noreferrer\">AAI<\/a>).<\/p>\n<p>&nbsp;<\/p>\n<p>O acesso a este servi\u00e7o \u00e9 disponibilizado pela Universidade do Porto na <strong>modalidade de\u00a0Software-as-a-Service<\/strong>: <strong>a UPdigital assegura o registo dos utilizadores nas <em>Clouds<\/em>, mas as quest\u00f5es t\u00e9cnicas relativas \u00e0 utiliza\u00e7\u00e3o dos produtos disponibilizados atrav\u00e9s desta conta, dever\u00e3o ser colocadas directamente aos servi\u00e7os de <a href=\"https:\/\/support.microsoft.com\/pt-pt\" target=\"_blank\" rel=\"noopener noreferrer\">suporte da Microsoft<\/a><\/strong>.<\/p>\n<p>&nbsp;<\/p>\n<p>A subscri\u00e7\u00e3o <span style=\"text-decoration: underline;\">gratuita<\/span> deste servi\u00e7o, ir\u00e1 gerar uma conta Microsoft que ir\u00e1 permitir:<\/p>\n<ul>\n<li>O acesso a um <strong>espa\u00e7o na nuvem da Microsoft <\/strong>(<a href=\"https:\/\/www.microsoft.com\/pt-pt\/microsoft-365\/onedrive\/online-cloud-storage\" target=\"_blank\" rel=\"noopener noreferrer\">One Drive<\/a>)<strong>, com capacidade de armazenamento de 1 Tb<\/strong><\/li>\n<li><strong>\u00c0s aplica\u00e7\u00f5es <em>Online <\/em><\/strong>(como por exemplo o Word, Excel, PowerPoint, etc.)<\/li>\n<li><strong>A instala\u00e7\u00e3o do Microsoft Office <\/strong>(<em>Offline<\/em>)<strong> em at\u00e9 5 computadores <\/strong>(Windows ou Macintosh)<strong>, 5 Tablets e 5 Smartphones<\/strong><\/li>\n<\/ul>\n<hr \/>\n<p><strong>Se \u00e9 estudante, n\u00e3o necessita de subscrever este servi\u00e7o<\/strong>, uma vez que o mesmo j\u00e1 foi automaticamente configurado, e j\u00e1 est\u00e1 dispon\u00edvel.<\/p>\n<p>&nbsp;<\/p>\n<p><strong>Caso n\u00e3o seja estudante<\/strong>, para poder <strong>subscrever o servi\u00e7o do Office 365 @UPorto<\/strong>, dever\u00e1 autenticar-se no SIGARRA (<a href=\"http:\/\/www.fade.up.pt\" target=\"_blank\" rel=\"noopener noreferrer\">www.fade.up.pt<\/a>), clicar sobre o seu nome (no canto superior direito), e aceder ao menu do lado direito para esse fim (&#8220;Apps U.Porto&#8221;). O seguinte v\u00eddeo demonstra esse procedimento:<\/p>\n<\/div>\n<p><iframe loading=\"lazy\" title=\"UPdigital - Criar Conta Office 365\" width=\"1200\" height=\"675\" src=\"https:\/\/www.youtube.com\/embed\/FBzDsbMgog0?feature=oembed\" frameborder=\"0\" allow=\"accelerometer; autoplay; clipboard-write; encrypted-media; gyroscope; picture-in-picture\" allowfullscreen><\/iframe><\/p>\n<div>\n<hr \/>\n<div style=\"text-align: left;\">Poder\u00e1 consultar uma lista de <strong>perguntas frequentes<\/strong> (FAQ), sobe o Microsoft Office 365 @UP, <a href=\"https:\/\/sigarra.up.pt\/reitoria\/pt\/web_base.gera_pagina?p_pagina=UPDIGITAL%20-%20SERVICOS%20-%20FAQ%20OFFICE%20365\" target=\"_blank\" rel=\"noopener noreferrer\">aqui<\/a>.<\/div>\n<div><\/div>\n<\/div>\n","protected":false},"excerpt":{"rendered":"<p>&nbsp; H\u00e1 uma parceria entre a Universidade do Porto (UP) e a Microsoft, que permite a subscri\u00e7\u00e3o gratuita do servi\u00e7o Microsoft Office 365, desde que haja um v\u00ednculo com a UP (validado pelo registo no SIGARRA), sendo o acesso a esta plataforma feito atrav\u00e9s do processo de Autentica\u00e7\u00e3o Federada da UP (AAI). &nbsp; O acesso &#8230; <a title=\"Microsoft Office 365 na U.Porto\" class=\"read-more\" href=\"https:\/\/wp.up.pt\/fadeupinformatica\/office-365\/\" aria-label=\"Leia mais sobre Microsoft Office 365 na U.Porto\">Ler mais<\/a><\/p>\n","protected":false},"author":291,"featured_media":0,"parent":0,"menu_order":0,"comment_status":"closed","ping_status":"closed","template":"","meta":{"footnotes":""},"class_list":["post-226","page","type-page","status-publish"],"_links":{"self":[{"href":"https:\/\/wp.up.pt\/fadeupinformatica\/wp-json\/wp\/v2\/pages\/226","targetHints":{"allow":["GET"]}}],"collection":[{"href":"https:\/\/wp.up.pt\/fadeupinformatica\/wp-json\/wp\/v2\/pages"}],"about":[{"href":"https:\/\/wp.up.pt\/fadeupinformatica\/wp-json\/wp\/v2\/types\/page"}],"author":[{"embeddable":true,"href":"https:\/\/wp.up.pt\/fadeupinformatica\/wp-json\/wp\/v2\/users\/291"}],"replies":[{"embeddable":true,"href":"https:\/\/wp.up.pt\/fadeupinformatica\/wp-json\/wp\/v2\/comments?post=226"}],"version-history":[{"count":90,"href":"https:\/\/wp.up.pt\/fadeupinformatica\/wp-json\/wp\/v2\/pages\/226\/revisions"}],"predecessor-version":[{"id":4083,"href":"https:\/\/wp.up.pt\/fadeupinformatica\/wp-json\/wp\/v2\/pages\/226\/revisions\/4083"}],"wp:attachment":[{"href":"https:\/\/wp.up.pt\/fadeupinformatica\/wp-json\/wp\/v2\/media?parent=226"}],"curies":[{"name":"wp","href":"https:\/\/api.w.org\/{rel}","templated":true}]}}