{"id":187,"date":"2017-02-09T12:41:55","date_gmt":"2017-02-09T12:41:55","guid":{"rendered":"http:\/\/wp.up.pt\/fadeupinformatica\/?page_id=187"},"modified":"2023-05-12T08:13:20","modified_gmt":"2023-05-12T08:13:20","slug":"gabinete-de-informatica","status":"publish","type":"page","link":"https:\/\/wp.up.pt\/fadeupinformatica\/","title":{"rendered":"Gabinete de Inform\u00e1tica (Helpdesk)"},"content":{"rendered":"<table class=\" aligncenter\" style=\"height: 100%; width: 100%;\">\n<tbody>\n<tr style=\"height: 100%; width: 100%;\">\n<td style=\"height: 100%; width: 100%;\"><strong>Miss\u00e3o:<\/strong> Dar resposta \u00e0s necessidades inform\u00e1ticas da comunidade acad\u00e9mica, nomeadamente das atividades letivas e de investiga\u00e7\u00e3o e dos demais servi\u00e7os da Faculdade.<\/p>\n<p><b>E-mail (contacto priorit\u00e1rio):<\/b> helpdesk@fade.up.pt<\/p>\n<p><strong>Telefone <\/strong>(apenas dispon\u00edvel em dias \u00fateis): +351 220 425 321 (09h00m \u00e0s 12h30m e das 14h00m \u00e0s 17h00m)<strong><br \/>\n<\/strong><\/p>\n<p><strong>Atendimento presencial <\/strong>(apenas dispon\u00edvel em dias \u00fateis): das 09h30m \u00e0s 12h30m<\/p>\n<p><strong>Apoio aos gabinetes e restantes tarefas de manuten\u00e7\u00e3o <\/strong>(apenas dispon\u00edvel em dias \u00fateis): das 14h00m \u00e0s 17h00m<\/p>\n<p><strong>Respons\u00e1vel<\/strong>: <a href=\"http:\/\/sigarra.up.pt\/fadeup\/pt\/func_geral.formview?p_codigo=329615\">Professor Rui Corredeira<\/a><a href=\"http:\/\/sigarra.up.pt\/fadeup\/funcionarios_geral.formview?p_codigo=241409\"><br \/>\n<\/a><\/p>\n<p><strong>Colaboradores: <\/strong>Delfim Costa | Jos\u00e9 Costa<\/p>\n<p><strong>P\u00e1gina do Gabinete de Inform\u00e1tica no SIGARRA:<\/strong> <a href=\"http:\/\/sigarra.up.pt\/fadeup\/pt\/uni_geral.unidade_view?pv_unidade=72\" target=\"_blank\" rel=\"noopener\">http:\/\/sigarra.up.pt\/fadeup\/pt\/uni_geral.unidade_view?pv_unidade=72<\/a><\/p>\n<p><strong>Lista de Regulamentos em Vigor:<\/strong><\/p>\n<ul>\n<li><a href=\"https:\/\/sigarra.up.pt\/up\/pt\/LEGISLACAO_GERAL.ver_legislacao?p_nr=44192\">Regulamento do Servi\u00e7o de Impress\u00e3o Unificado da Universidade do Porto<\/a><\/li>\n<li><a href=\"https:\/\/sigarra.up.pt\/up\/pt\/LEGISLACAO_GERAL.ver_legislacao?p_nr=44232\">Regulamento do Acesso a Servi\u00e7os Inform\u00e1ticos da Universidade do Porto<\/a><\/li>\n<li><a href=\"https:\/\/sigarra.up.pt\/up\/pt\/LEGISLACAO_GERAL.ver_legislacao?p_nr=44212\">Regulamento do Servi\u00e7o de Correio Eletr\u00f3nico da Universidade do Porto<\/a><\/li>\n<\/ul>\n<\/td>\n<\/tr>\n<\/tbody>\n<\/table>\n<p><img loading=\"lazy\" decoding=\"async\" class=\"alignnone wp-image-663\" src=\"http:\/\/wp.up.pt\/fadeupinformatica\/wp-content\/uploads\/sites\/60\/2017\/02\/servicos.jpg\" alt=\"\" width=\"929\" height=\"648\" srcset=\"https:\/\/wp.up.pt\/fadeupinformatica\/wp-content\/uploads\/sites\/60\/2017\/02\/servicos.jpg 776w, https:\/\/wp.up.pt\/fadeupinformatica\/wp-content\/uploads\/sites\/60\/2017\/02\/servicos-300x209.jpg 300w, https:\/\/wp.up.pt\/fadeupinformatica\/wp-content\/uploads\/sites\/60\/2017\/02\/servicos-768x535.jpg 768w\" sizes=\"auto, (max-width: 929px) 100vw, 929px\" \/><\/p>\n","protected":false},"excerpt":{"rendered":"<p>Miss\u00e3o: Dar resposta \u00e0s necessidades inform\u00e1ticas da comunidade acad\u00e9mica, nomeadamente das atividades letivas e de investiga\u00e7\u00e3o e dos demais servi\u00e7os da Faculdade. E-mail (contacto priorit\u00e1rio): helpdesk@fade.up.pt Telefone (apenas dispon\u00edvel em dias \u00fateis): +351 220 425 321 (09h00m \u00e0s 12h30m e das 14h00m \u00e0s 17h00m) Atendimento presencial (apenas dispon\u00edvel em dias \u00fateis): das 09h30m \u00e0s 12h30m &#8230; <a title=\"Gabinete de Inform\u00e1tica (Helpdesk)\" class=\"read-more\" href=\"https:\/\/wp.up.pt\/fadeupinformatica\/\" aria-label=\"Leia mais sobre Gabinete de Inform\u00e1tica (Helpdesk)\">Ler mais<\/a><\/p>\n","protected":false},"author":291,"featured_media":0,"parent":0,"menu_order":0,"comment_status":"closed","ping_status":"closed","template":"","meta":{"footnotes":""},"class_list":["post-187","page","type-page","status-publish"],"_links":{"self":[{"href":"https:\/\/wp.up.pt\/fadeupinformatica\/wp-json\/wp\/v2\/pages\/187","targetHints":{"allow":["GET"]}}],"collection":[{"href":"https:\/\/wp.up.pt\/fadeupinformatica\/wp-json\/wp\/v2\/pages"}],"about":[{"href":"https:\/\/wp.up.pt\/fadeupinformatica\/wp-json\/wp\/v2\/types\/page"}],"author":[{"embeddable":true,"href":"https:\/\/wp.up.pt\/fadeupinformatica\/wp-json\/wp\/v2\/users\/291"}],"replies":[{"embeddable":true,"href":"https:\/\/wp.up.pt\/fadeupinformatica\/wp-json\/wp\/v2\/comments?post=187"}],"version-history":[{"count":30,"href":"https:\/\/wp.up.pt\/fadeupinformatica\/wp-json\/wp\/v2\/pages\/187\/revisions"}],"predecessor-version":[{"id":4268,"href":"https:\/\/wp.up.pt\/fadeupinformatica\/wp-json\/wp\/v2\/pages\/187\/revisions\/4268"}],"wp:attachment":[{"href":"https:\/\/wp.up.pt\/fadeupinformatica\/wp-json\/wp\/v2\/media?parent=187"}],"curies":[{"name":"wp","href":"https:\/\/api.w.org\/{rel}","templated":true}]}}